{"id":5332,"date":"2026-03-17T14:27:36","date_gmt":"2026-03-17T13:27:36","guid":{"rendered":"https:\/\/www.martias.sk\/?page_id=5332"},"modified":"2026-03-17T14:40:21","modified_gmt":"2026-03-17T13:40:21","slug":"o-spolocnosti-2","status":"publish","type":"page","link":"https:\/\/www.martias.sk\/en\/about-us\/vop\/","title":{"rendered":"VOP"},"content":{"rendered":"<div class=\"wpb-content-wrapper\"><p>[vc_row][vc_column][vc_tour interval=&#8221;0&#8243;][vc_tab title=&#8221;Content of company&#8221; tab_id=&#8221;7a81541b-1a0e-1&#8243;][vc_column_text css=&#8221;&#8221;]<\/p>\n<h2>Content of company<\/h2>\n<p><strong>The Marti a.s. building company is specialised in an assortment of underground constructions and civil engineering structures.<\/strong><\/p>\n<p><strong>In this assortment of work, we do the following:<\/strong><\/p>\n<ul class=\"disc\">\n<li>Construction of underground projects, boring, reconstruction and concreting (tunnels, underground constructions, exploration and escape galleries, subways, underground warehouses, garages, and containers)<\/li>\n<li>Construction and reconstruction of water-engineering structures (excavation technology and technology not requiring excavation)<\/li>\n<li>Reclamation &amp; closure of solid waste landfill<\/li>\n<li>Implementation of flood protection measures<\/li>\n<\/ul>\n<p>[\/vc_column_text][\/vc_tab][vc_tab title=&#8221;Establishment of the company&#8221; tab_id=&#8221;c61514fd-1891-4&#8243;][vc_column_text css=&#8221;&#8221;]<\/p>\n<h2>Establishment of the company<\/h2>\n<p>The Marti a.s. construction company in \u017dilina was established in 2009 as TuCon a.s. and it goes on with business activities of production divisions of underground constructions and civil engineering structures.<\/p>\n<p>On the occasion of the 15<sup>th<\/sup> anniversary of its activity on the construction market, it unified the business name TuCon, a. s. with the Marti Group, of which it has been a part since its inception.<\/p>\n<p>The new business name of the company from 01 September 2024 is Marti a.s.<\/p>\n<p>The same members of the Marti a.s. management are a proof of continuity and a guarantee of going on with an assortment of projects of underground constructions and civil engineering structures at Marti a.s.<\/p>\n<p>[\/vc_column_text][\/vc_tab][vc_tab title=&#8221;Company profile&#8221; tab_id=&#8221;1505298723580-2-2&#8243;][vc_column_text]<\/p>\n<h2>Company profile<\/h2>\n<h3>The scope of Underground Constructions works include:<\/h3>\n<p><strong>Construction of underground structures, reconstructions, driving and concreting<\/strong><\/p>\n<ul>\n<li>motorway and road tunnels<\/li>\n<li>railway tunnels<\/li>\n<li>underground structures for metro (subway)<\/li>\n<li>hydro \u2013 energetic tunnels<\/li>\n<li>underground structures for water- engineering works<\/li>\n<li>exploration and escape galleries<\/li>\n<li>pedestrian underpasses<\/li>\n<\/ul>\n<p><strong>Large-capacity underground structures<\/strong><\/p>\n<ul>\n<li>warehouses<\/li>\n<li>garages<\/li>\n<li>containers<\/li>\n<\/ul>\n<h3>The scope of civil \u2013 engineering structures works include:<\/h3>\n<p><strong>Construction and reconstruction:<\/strong><\/p>\n<ul>\n<li>water-engineering works \u2013 water supplies and sewerages<\/li>\n<li>waste water treatment plants, pumping stations and water resources<\/li>\n<li>public spaces and squares<\/li>\n<\/ul>\n<p><strong>Reclamation &amp; closure of solid waste landfill<\/strong><\/p>\n<p><strong>Implementation of flood protection measures<\/strong>[\/vc_column_text][\/vc_tab][vc_tab title=&#8221;Organization structure&#8221; tab_id=&#8221;1505298813702-3-0&#8243;][vc_column_text css=&#8221;&#8221;]<\/p>\n<h2>Organization structure<\/h2>\n<p><a class=\"dt-pswp-item\" href=\"https:\/\/www.martias.sk\/wp-content\/uploads\/organization-structure-web-062025.jpg\" data-dt-img-description=\"\" data-large_image_width=\"1200\" data-large_image_height=\"950\"><img decoding=\"async\" loading=\"lazy\" class=\"alignnone size-full wp-image-3381\" src=\"https:\/\/www.martias.sk\/wp-content\/uploads\/organization-structure-web-062025.jpg\" alt=\"Organization structure\" width=\"1200\" height=\"950\" \/><\/a>[\/vc_column_text][\/vc_tab][vc_tab title=&#8221;Board of Directors&#8221; tab_id=&#8221;1505298912265-4-6&#8243;][vc_column_text css=&#8221;&#8221;]<strong>Ing. Miroslav \u017d\u00e1k<\/strong><br \/>\nBoard of Directors Chairman and General Director<\/p>\n<p><strong>Ing. Viera Palanov\u00e1<\/strong><br \/>\nBoard of Directors Vice \u2013 Chairman and Finance Director<\/p>\n<p><strong>Ing. Michal Plask\u00far<\/strong><br \/>\nDirector of the Civil Engineering Division<\/p>\n<p><strong>Ing. Igor Schnierer<\/strong><br \/>\nDirector of the Underground Construction Division[\/vc_column_text][\/vc_tab][vc_tab title=&#8221;Vision of the company&#8221; tab_id=&#8221;1505299791660-5-8&#8243;][vc_column_text css=&#8221;&#8221;]<\/p>\n<h2>Vision of the company<\/h2>\n<p><strong>Complex development in all business activities in which the company is involved is the main goal of Marti a.s. to become a renowned construction company; to remain a leader in the Slovak market in an assortment of underground structures and to rank among successful companies in the area of water-engineering structures.<\/strong><\/p>\n<p>Marti a.s. is interested in active participation in realisation of tunnels being prepared within packages one and three of PPP projects, in construction of the D3 motorway and railway corridors and in construction of projects within development of a water-supply network and improvement of waste water treatment plants in Slovakia.<\/p>\n<p>The company is open for cooperation with leaders of a construction market in the area of construction of motorway, road and railway projects and ready to go on with successful operation in the area of construction businesses both in Slovakia and abroad first of all as a supplier of construction work in the area of underground constructions and in the area of building of civil engineering structures.[\/vc_column_text][\/vc_tab][vc_tab title=&#8221;Extracts from the register&#8221; tab_id=&#8221;1505299822178-6-7&#8243;][vc_column_text css=&#8221;&#8221;]<\/p>\n<h2>Extracts from the register<\/h2>\n<p><a href=\"http:\/\/www.orsr.sk\/vypis.asp?ID=163193&amp;SID=5&amp;P=0&amp;lan=en\">http:\/\/www.orsr.sk\/<\/a>[\/vc_column_text][vc_single_image image=&#8221;5188&#8243; img_size=&#8221;full&#8221; alignment=&#8221;center&#8221; style=&#8221;vc_box_shadow_border&#8221; onclick=&#8221;custom_link&#8221; img_link_target=&#8221;_blank&#8221; css=&#8221;&#8221; link=&#8221;http:\/\/www.orsr.sk\/vypis.asp?ID=163193&amp;SID=5&amp;P=0&amp;lan=en&#8221;][\/vc_tab][\/vc_tour][\/vc_column][\/vc_row]<\/p>\n<\/div>","protected":false},"excerpt":{"rendered":"<p>[vc_row][vc_column][vc_tour interval=&#8221;0&#8243;][vc_tab title=&#8221;Content of company&#8221; tab_id=&#8221;7a81541b-1a0e-1&#8243;][vc_column_text css=&#8221;&#8221;] Content of company The Marti a.s. building company is specialised in an assortment of underground constructions and civil engineering structures. In this assortment of work, we do the following: Construction of underground projects, boring, reconstruction and concreting (tunnels, underground constructions, exploration and escape galleries, subways, underground warehouses, garages,&hellip;<\/p>\n","protected":false},"author":1,"featured_media":0,"parent":53,"menu_order":9,"comment_status":"closed","ping_status":"closed","template":"","meta":{"inline_featured_image":false,"_links_to":"","_links_to_target":""},"yoast_head":"<!-- This site is optimized with the Yoast SEO Premium plugin v18.3 (Yoast SEO v21.6) - https:\/\/yoast.com\/wordpress\/plugins\/seo\/ -->\n<title>VOP | Marti a.s. \u017dilina<\/title>\n<meta name=\"description\" content=\"I\/33 N\u00e1chod - obchvat Prodlou\u017een\u00ed tramvajov\u00e9 trati Bystrc \u2013 Kamechy D35 Ostrov \u2013 Vysok\u00e9 M\u00fdto, tunel Homole Content of company The Marti a.s. building\" \/>\n<meta name=\"robots\" content=\"index, follow, max-snippet:-1, max-image-preview:large, max-video-preview:-1\" \/>\n<link rel=\"canonical\" href=\"https:\/\/www.martias.sk\/en\/o-nas\/vseobecne-obchodne-podmienky\/\" \/>\n<meta property=\"og:locale\" content=\"en_US\" \/>\n<meta property=\"og:type\" content=\"article\" \/>\n<meta property=\"og:title\" content=\"VOP\" \/>\n<meta property=\"og:description\" content=\"I\/33 N\u00e1chod - obchvat Prodlou\u017een\u00ed tramvajov\u00e9 trati Bystrc \u2013 Kamechy D35 Ostrov \u2013 Vysok\u00e9 M\u00fdto, tunel Homole Content of company The Marti a.s. building\" \/>\n<meta property=\"og:url\" content=\"https:\/\/www.martias.sk\/en\/o-nas\/vseobecne-obchodne-podmienky\/\" \/>\n<meta property=\"og:site_name\" content=\"Marti a.s. \u017dilina\" \/>\n<meta property=\"article:modified_time\" content=\"2026-03-17T13:40:21+00:00\" \/>\n<meta property=\"og:image\" content=\"https:\/\/www.martias.sk\/wp-content\/uploads\/organization-structure-web-062025.jpg\" \/>\n<meta name=\"twitter:card\" content=\"summary_large_image\" \/>\n<meta name=\"twitter:label1\" content=\"Est. reading time\" \/>\n\t<meta name=\"twitter:data1\" content=\"1 minute\" \/>\n<script type=\"application\/ld+json\" class=\"yoast-schema-graph\">{\"@context\":\"https:\/\/schema.org\",\"@graph\":[{\"@type\":\"WebPage\",\"@id\":\"https:\/\/www.martias.sk\/en\/o-nas\/vseobecne-obchodne-podmienky\/\",\"url\":\"https:\/\/www.martias.sk\/en\/o-nas\/vseobecne-obchodne-podmienky\/\",\"name\":\"VOP | Marti a.s. \u017dilina\",\"isPartOf\":{\"@id\":\"https:\/\/www.martias.sk\/en\/#website\"},\"datePublished\":\"2026-03-17T13:27:36+00:00\",\"dateModified\":\"2026-03-17T13:40:21+00:00\",\"description\":\"I\/33 N\u00e1chod - obchvat Prodlou\u017een\u00ed tramvajov\u00e9 trati Bystrc \u2013 Kamechy D35 Ostrov \u2013 Vysok\u00e9 M\u00fdto, tunel Homole Content of company The Marti a.s. building\",\"breadcrumb\":{\"@id\":\"https:\/\/www.martias.sk\/en\/o-nas\/vseobecne-obchodne-podmienky\/#breadcrumb\"},\"inLanguage\":\"en-US\",\"potentialAction\":[{\"@type\":\"ReadAction\",\"target\":[[\"https:\/\/www.martias.sk\/en\/o-nas\/vseobecne-obchodne-podmienky\/\"]]}]},{\"@type\":\"BreadcrumbList\",\"@id\":\"https:\/\/www.martias.sk\/en\/o-nas\/vseobecne-obchodne-podmienky\/#breadcrumb\",\"itemListElement\":[{\"@type\":\"ListItem\",\"position\":1,\"name\":\"Home\",\"item\":\"https:\/\/www.martias.sk\/en\/\"},{\"@type\":\"ListItem\",\"position\":2,\"name\":\"O n\u00e1s\",\"item\":\"https:\/\/www.martias.sk\/en\/wp-json\/wp\/v2\/pages\/5332\"},{\"@type\":\"ListItem\",\"position\":3,\"name\":\"V\u0161eobecn\u00e9 obchodn\u00e9 podmienky\"}]},{\"@type\":\"WebSite\",\"@id\":\"https:\/\/www.martias.sk\/en\/#website\",\"url\":\"https:\/\/www.martias.sk\/en\/\",\"name\":\"Marti a.s.\",\"description\":\"Construction company\",\"publisher\":{\"@id\":\"https:\/\/www.martias.sk\/en\/#organization\"},\"potentialAction\":[{\"@type\":\"SearchAction\",\"target\":{\"@type\":\"EntryPoint\",\"urlTemplate\":\"https:\/\/www.martias.sk\/en\/?s={search_term_string}\"},\"query-input\":\"required name=search_term_string\"}],\"inLanguage\":\"en-US\"},{\"@type\":\"Organization\",\"@id\":\"https:\/\/www.martias.sk\/en\/#organization\",\"name\":\"Marti a.s.\",\"url\":\"https:\/\/www.martias.sk\/en\/\",\"logo\":{\"@type\":\"ImageObject\",\"inLanguage\":\"en-US\",\"@id\":\"https:\/\/www.martias.sk\/en\/#\/schema\/logo\/image\/\",\"url\":\"https:\/\/www.martias.sk\/wp-content\/uploads\/marti-slovakia-punkt-rgb.png\",\"contentUrl\":\"https:\/\/www.martias.sk\/wp-content\/uploads\/marti-slovakia-punkt-rgb.png\",\"width\":532,\"height\":533,\"caption\":\"Marti a.s.\"},\"image\":{\"@id\":\"https:\/\/www.martias.sk\/en\/#\/schema\/logo\/image\/\"}}]}<\/script>\n<!-- \/ Yoast SEO Premium plugin. -->","yoast_head_json":{"title":"VOP | Marti a.s. \u017dilina","description":"I\/33 N\u00e1chod - obchvat Prodlou\u017een\u00ed tramvajov\u00e9 trati Bystrc \u2013 Kamechy D35 Ostrov \u2013 Vysok\u00e9 M\u00fdto, tunel Homole Content of company The Marti a.s. building","robots":{"index":"index","follow":"follow","max-snippet":"max-snippet:-1","max-image-preview":"max-image-preview:large","max-video-preview":"max-video-preview:-1"},"canonical":"https:\/\/www.martias.sk\/en\/o-nas\/vseobecne-obchodne-podmienky\/","og_locale":"en_US","og_type":"article","og_title":"VOP","og_description":"I\/33 N\u00e1chod - obchvat Prodlou\u017een\u00ed tramvajov\u00e9 trati Bystrc \u2013 Kamechy D35 Ostrov \u2013 Vysok\u00e9 M\u00fdto, tunel Homole Content of company The Marti a.s. building","og_url":"https:\/\/www.martias.sk\/en\/o-nas\/vseobecne-obchodne-podmienky\/","og_site_name":"Marti a.s. \u017dilina","article_modified_time":"2026-03-17T13:40:21+00:00","og_image":[{"url":"https:\/\/www.martias.sk\/wp-content\/uploads\/organization-structure-web-062025.jpg"}],"twitter_card":"summary_large_image","twitter_misc":{"Est. reading time":"1 minute"},"schema":{"@context":"https:\/\/schema.org","@graph":[{"@type":"WebPage","@id":"https:\/\/www.martias.sk\/en\/o-nas\/vseobecne-obchodne-podmienky\/","url":"https:\/\/www.martias.sk\/en\/o-nas\/vseobecne-obchodne-podmienky\/","name":"VOP | Marti a.s. \u017dilina","isPartOf":{"@id":"https:\/\/www.martias.sk\/en\/#website"},"datePublished":"2026-03-17T13:27:36+00:00","dateModified":"2026-03-17T13:40:21+00:00","description":"I\/33 N\u00e1chod - obchvat Prodlou\u017een\u00ed tramvajov\u00e9 trati Bystrc \u2013 Kamechy D35 Ostrov \u2013 Vysok\u00e9 M\u00fdto, tunel Homole Content of company The Marti a.s. building","breadcrumb":{"@id":"https:\/\/www.martias.sk\/en\/o-nas\/vseobecne-obchodne-podmienky\/#breadcrumb"},"inLanguage":"en-US","potentialAction":[{"@type":"ReadAction","target":[["https:\/\/www.martias.sk\/en\/o-nas\/vseobecne-obchodne-podmienky\/"]]}]},{"@type":"BreadcrumbList","@id":"https:\/\/www.martias.sk\/en\/o-nas\/vseobecne-obchodne-podmienky\/#breadcrumb","itemListElement":[{"@type":"ListItem","position":1,"name":"Home","item":"https:\/\/www.martias.sk\/en\/"},{"@type":"ListItem","position":2,"name":"O n\u00e1s","item":"https:\/\/www.martias.sk\/en\/wp-json\/wp\/v2\/pages\/5332"},{"@type":"ListItem","position":3,"name":"V\u0161eobecn\u00e9 obchodn\u00e9 podmienky"}]},{"@type":"WebSite","@id":"https:\/\/www.martias.sk\/en\/#website","url":"https:\/\/www.martias.sk\/en\/","name":"Marti a.s.","description":"Construction company","publisher":{"@id":"https:\/\/www.martias.sk\/en\/#organization"},"potentialAction":[{"@type":"SearchAction","target":{"@type":"EntryPoint","urlTemplate":"https:\/\/www.martias.sk\/en\/?s={search_term_string}"},"query-input":"required name=search_term_string"}],"inLanguage":"en-US"},{"@type":"Organization","@id":"https:\/\/www.martias.sk\/en\/#organization","name":"Marti a.s.","url":"https:\/\/www.martias.sk\/en\/","logo":{"@type":"ImageObject","inLanguage":"en-US","@id":"https:\/\/www.martias.sk\/en\/#\/schema\/logo\/image\/","url":"https:\/\/www.martias.sk\/wp-content\/uploads\/marti-slovakia-punkt-rgb.png","contentUrl":"https:\/\/www.martias.sk\/wp-content\/uploads\/marti-slovakia-punkt-rgb.png","width":532,"height":533,"caption":"Marti a.s."},"image":{"@id":"https:\/\/www.martias.sk\/en\/#\/schema\/logo\/image\/"}}]}},"_links":{"self":[{"href":"https:\/\/www.martias.sk\/en\/wp-json\/wp\/v2\/pages\/5332"}],"collection":[{"href":"https:\/\/www.martias.sk\/en\/wp-json\/wp\/v2\/pages"}],"about":[{"href":"https:\/\/www.martias.sk\/en\/wp-json\/wp\/v2\/types\/page"}],"author":[{"embeddable":true,"href":"https:\/\/www.martias.sk\/en\/wp-json\/wp\/v2\/users\/1"}],"replies":[{"embeddable":true,"href":"https:\/\/www.martias.sk\/en\/wp-json\/wp\/v2\/comments?post=5332"}],"version-history":[{"count":8,"href":"https:\/\/www.martias.sk\/en\/wp-json\/wp\/v2\/pages\/5332\/revisions"}],"predecessor-version":[{"id":5342,"href":"https:\/\/www.martias.sk\/en\/wp-json\/wp\/v2\/pages\/5332\/revisions\/5342"}],"up":[{"embeddable":true,"href":"https:\/\/www.martias.sk\/en\/wp-json\/wp\/v2\/pages\/53"}],"wp:attachment":[{"href":"https:\/\/www.martias.sk\/en\/wp-json\/wp\/v2\/media?parent=5332"}],"curies":[{"name":"wp","href":"https:\/\/api.w.org\/{rel}","templated":true}]}}