{"id":243,"date":"2015-03-12T12:38:26","date_gmt":"2015-03-12T12:38:26","guid":{"rendered":"http:\/\/www.tucon.renad.sk\/?page_id=243"},"modified":"2026-04-07T14:20:06","modified_gmt":"2026-04-07T12:20:06","slug":"dcerske-spolocnosti-a-organizacne-zlozky","status":"publish","type":"page","link":"https:\/\/www.martias.sk\/en\/contact\/subsidiary-companies-and-branches\/","title":{"rendered":"Subsidiary companies and branches"},"content":{"rendered":"<div class=\"wpb-content-wrapper\"><p>[vc_row full_width=&#8221;stretch_row_content_no_spaces&#8221; margin_top=&#8221;-45px&#8221; full_width_row=&#8221;true&#8221;][vc_column][vc_gmaps link=&#8221;#E-8_JTNDaWZyYW1lJTIwc3JjJTNEJTIyaHR0cHMlM0ElMkYlMkZ3d3cuZ29vZ2xlLmNvbSUyRm1hcHMlMkZkJTJGZW1iZWQlM0ZtaWQlM0QxMFA4OXNDdFQ1bG80SkRBSEtLR0RmTWVLVjNlY1ZUWSUyNmVoYmMlM0QyRTMxMkYlMjIlMjB3aWR0aCUzRCUyMjEwMCUyNSUyMiUyMGhlaWdodCUzRCUyMjQwMHB4JTIyJTNFJTNDJTJGaWZyYW1lJTNF&#8221; size=&#8221;400&#8243; css=&#8221;&#8221;][\/vc_column][\/vc_row][vc_row][vc_column][vc_empty_space height=&#8221;15px&#8221;][vc_column_text css=&#8221;&#8221;]<\/p>\n<h2 id=\"titlebar-title\">Subsidiary companies<\/h2>\n<p>[\/vc_column_text][\/vc_column][\/vc_row][vc_row][vc_column width=&#8221;1\/4&#8243;][vc_column_text css=&#8221;&#8221;]<strong>TuCon Vr\u00fatky, s.r.o.<\/strong><br \/>\nK cintor\u00ednu 63 \u2022 010 04 \u017dilina<br \/>\nSLOVAK REPUBLIC<br \/>\nPhone: +421 41 5046 204[\/vc_column_text][\/vc_column][vc_column width=&#8221;1\/4&#8243;][vc_column_text css=&#8221;&#8221;]<strong>Marti CZ, s.r.o.<\/strong><br \/>\nJihlavsk\u00e1 1558\/21<br \/>\n140 00 Praha 4 &#8211; Michle<br \/>\nCZECH REPUBLIC<br \/>\nPhone: +420 725 339 817[\/vc_column_text][\/vc_column][vc_column width=&#8221;1\/4&#8243;][\/vc_column][vc_column width=&#8221;1\/4&#8243;][\/vc_column][\/vc_row][vc_row][vc_column][vc_separator][vc_empty_space height=&#8221;15px&#8221;][vc_column_text]<\/p>\n<h3>Branches<\/h3>\n<p>[\/vc_column_text][\/vc_column][\/vc_row][vc_row][vc_column width=&#8221;1\/4&#8243;][vc_column_text css=&#8221;&#8221;]<strong>Marti a. s. \u2013 organiza\u010dn\u00ed slo\u017eka<\/strong><br \/>\nJihlavsk\u00e1 1558\/21<br \/>\n140 00 Praha 4 &#8211; Michle<br \/>\nCZECH REPUBLIC<br \/>\nPhone: +420 725 339 817[\/vc_column_text][\/vc_column][vc_column width=&#8221;1\/4&#8243;][vc_column_text]<strong>TuCon<\/strong><br \/>\nC\/o Norian Regnskap AS<br \/>\nStortingsgata 2 \u2022 0158 Oslo<br \/>\nPostadresse:<br \/>\nPostboks 1095 Sentrum<br \/>\n0104 Oslo \u2022 NORWAY[\/vc_column_text][\/vc_column][vc_column width=&#8221;1\/4&#8243;][vc_column_text css=&#8221;&#8221;][\/vc_column_text][\/vc_column][vc_column width=&#8221;1\/4&#8243;][vc_column_text css=&#8221;&#8221;][\/vc_column_text][\/vc_column][\/vc_row]<\/p>\n<\/div>","protected":false},"excerpt":{"rendered":"<p>[vc_row full_width=&#8221;stretch_row_content_no_spaces&#8221; margin_top=&#8221;-45px&#8221; full_width_row=&#8221;true&#8221;][vc_column][vc_gmaps link=&#8221;#E-8_JTNDaWZyYW1lJTIwc3JjJTNEJTIyaHR0cHMlM0ElMkYlMkZ3d3cuZ29vZ2xlLmNvbSUyRm1hcHMlMkZkJTJGZW1iZWQlM0ZtaWQlM0QxMFA4OXNDdFQ1bG80SkRBSEtLR0RmTWVLVjNlY1ZUWSUyNmVoYmMlM0QyRTMxMkYlMjIlMjB3aWR0aCUzRCUyMjEwMCUyNSUyMiUyMGhlaWdodCUzRCUyMjQwMHB4JTIyJTNFJTNDJTJGaWZyYW1lJTNF&#8221; size=&#8221;400&#8243; css=&#8221;&#8221;][\/vc_column][\/vc_row][vc_row][vc_column][vc_empty_space height=&#8221;15px&#8221;][vc_column_text css=&#8221;&#8221;] Subsidiary companies [\/vc_column_text][\/vc_column][\/vc_row][vc_row][vc_column width=&#8221;1\/4&#8243;][vc_column_text css=&#8221;&#8221;]TuCon Vr\u00fatky, s.r.o. K cintor\u00ednu 63 \u2022 010 04 \u017dilina SLOVAK REPUBLIC Phone: +421 41 5046 204[\/vc_column_text][\/vc_column][vc_column width=&#8221;1\/4&#8243;][vc_column_text css=&#8221;&#8221;]Marti CZ, s.r.o. Jihlavsk\u00e1 1558\/21 140 00 Praha 4 &#8211; Michle CZECH REPUBLIC Phone: +420 725 339 817[\/vc_column_text][\/vc_column][vc_column width=&#8221;1\/4&#8243;][\/vc_column][vc_column width=&#8221;1\/4&#8243;][\/vc_column][\/vc_row][vc_row][vc_column][vc_separator][vc_empty_space height=&#8221;15px&#8221;][vc_column_text] Branches [\/vc_column_text][\/vc_column][\/vc_row][vc_row][vc_column width=&#8221;1\/4&#8243;][vc_column_text&hellip;<\/p>\n","protected":false},"author":1,"featured_media":0,"parent":133,"menu_order":3,"comment_status":"closed","ping_status":"closed","template":"","meta":{"inline_featured_image":false,"_links_to":"","_links_to_target":""},"yoast_head":"<!-- This site is optimized with the Yoast SEO Premium plugin v18.3 (Yoast SEO v21.6) - https:\/\/yoast.com\/wordpress\/plugins\/seo\/ -->\n<title>Subsidiary companies and branches | Marti a.s. \u017dilina<\/title>\n<meta name=\"description\" content=\"Dc\u00e9rske spolo\u010dnosti TuCon Vr\u00fatky, s.r.o. K cintor\u00ednu 63 \u2022 010 04 \u017dilina SLOVENSK\u00c1 REPUBLIKA Tel.: +421 41 5046 204Marti CZ, s.r.o. Jihlavsk\u00e1 1558\/21 140\" \/>\n<meta name=\"robots\" content=\"index, follow, max-snippet:-1, max-image-preview:large, max-video-preview:-1\" \/>\n<link rel=\"canonical\" href=\"https:\/\/www.martias.sk\/en\/kontakt\/dcerske-spolocnosti-a-organizacne-zlozky\/\" \/>\n<meta property=\"og:locale\" content=\"en_US\" \/>\n<meta property=\"og:type\" content=\"article\" \/>\n<meta property=\"og:title\" content=\"Subsidiary companies and branches\" \/>\n<meta property=\"og:description\" content=\"Dc\u00e9rske spolo\u010dnosti TuCon Vr\u00fatky, s.r.o. K cintor\u00ednu 63 \u2022 010 04 \u017dilina SLOVENSK\u00c1 REPUBLIKA Tel.: +421 41 5046 204Marti CZ, s.r.o. Jihlavsk\u00e1 1558\/21 140\" \/>\n<meta property=\"og:url\" content=\"https:\/\/www.martias.sk\/en\/kontakt\/dcerske-spolocnosti-a-organizacne-zlozky\/\" \/>\n<meta property=\"og:site_name\" content=\"Marti a.s. \u017dilina\" \/>\n<meta property=\"article:modified_time\" content=\"2026-04-07T12:20:06+00:00\" \/>\n<meta property=\"og:image\" content=\"https:\/\/www.martias.sk\/wp-content\/uploads\/marti-slovakia-punkt-rgb.png\" \/>\n\t<meta property=\"og:image:width\" content=\"532\" \/>\n\t<meta property=\"og:image:height\" content=\"533\" \/>\n\t<meta property=\"og:image:type\" content=\"image\/png\" \/>\n<meta name=\"twitter:card\" content=\"summary_large_image\" \/>\n<meta name=\"twitter:label1\" content=\"Est. reading time\" \/>\n\t<meta name=\"twitter:data1\" content=\"1 minute\" \/>\n<script type=\"application\/ld+json\" class=\"yoast-schema-graph\">{\"@context\":\"https:\/\/schema.org\",\"@graph\":[{\"@type\":\"WebPage\",\"@id\":\"https:\/\/www.martias.sk\/en\/kontakt\/dcerske-spolocnosti-a-organizacne-zlozky\/\",\"url\":\"https:\/\/www.martias.sk\/en\/kontakt\/dcerske-spolocnosti-a-organizacne-zlozky\/\",\"name\":\"Subsidiary companies and branches | Marti a.s. \u017dilina\",\"isPartOf\":{\"@id\":\"https:\/\/www.martias.sk\/en\/#website\"},\"datePublished\":\"2015-03-12T12:38:26+00:00\",\"dateModified\":\"2026-04-07T12:20:06+00:00\",\"description\":\"Dc\u00e9rske spolo\u010dnosti TuCon Vr\u00fatky, s.r.o. K cintor\u00ednu 63 \u2022 010 04 \u017dilina SLOVENSK\u00c1 REPUBLIKA Tel.: +421 41 5046 204Marti CZ, s.r.o. Jihlavsk\u00e1 1558\/21 140\",\"breadcrumb\":{\"@id\":\"https:\/\/www.martias.sk\/en\/kontakt\/dcerske-spolocnosti-a-organizacne-zlozky\/#breadcrumb\"},\"inLanguage\":\"en-US\",\"potentialAction\":[{\"@type\":\"ReadAction\",\"target\":[[\"https:\/\/www.martias.sk\/en\/kontakt\/dcerske-spolocnosti-a-organizacne-zlozky\/\"]]}]},{\"@type\":\"BreadcrumbList\",\"@id\":\"https:\/\/www.martias.sk\/en\/kontakt\/dcerske-spolocnosti-a-organizacne-zlozky\/#breadcrumb\",\"itemListElement\":[{\"@type\":\"ListItem\",\"position\":1,\"name\":\"Home\",\"item\":\"https:\/\/www.martias.sk\/en\/\"},{\"@type\":\"ListItem\",\"position\":2,\"name\":\"Kontakt\",\"item\":\"https:\/\/www.martias.sk\/en\/wp-json\/wp\/v2\/pages\/243\"},{\"@type\":\"ListItem\",\"position\":3,\"name\":\"Dc\u00e9rske spolo\u010dnosti a organiza\u010dn\u00e9 zlo\u017eky\"}]},{\"@type\":\"WebSite\",\"@id\":\"https:\/\/www.martias.sk\/en\/#website\",\"url\":\"https:\/\/www.martias.sk\/en\/\",\"name\":\"Marti a.s.\",\"description\":\"Construction company\",\"publisher\":{\"@id\":\"https:\/\/www.martias.sk\/en\/#organization\"},\"potentialAction\":[{\"@type\":\"SearchAction\",\"target\":{\"@type\":\"EntryPoint\",\"urlTemplate\":\"https:\/\/www.martias.sk\/en\/?s={search_term_string}\"},\"query-input\":\"required name=search_term_string\"}],\"inLanguage\":\"en-US\"},{\"@type\":\"Organization\",\"@id\":\"https:\/\/www.martias.sk\/en\/#organization\",\"name\":\"Marti a.s.\",\"url\":\"https:\/\/www.martias.sk\/en\/\",\"logo\":{\"@type\":\"ImageObject\",\"inLanguage\":\"en-US\",\"@id\":\"https:\/\/www.martias.sk\/en\/#\/schema\/logo\/image\/\",\"url\":\"https:\/\/www.martias.sk\/wp-content\/uploads\/marti-slovakia-punkt-rgb.png\",\"contentUrl\":\"https:\/\/www.martias.sk\/wp-content\/uploads\/marti-slovakia-punkt-rgb.png\",\"width\":532,\"height\":533,\"caption\":\"Marti a.s.\"},\"image\":{\"@id\":\"https:\/\/www.martias.sk\/en\/#\/schema\/logo\/image\/\"}}]}<\/script>\n<!-- \/ Yoast SEO Premium plugin. -->","yoast_head_json":{"title":"Subsidiary companies and branches | Marti a.s. \u017dilina","description":"Dc\u00e9rske spolo\u010dnosti TuCon Vr\u00fatky, s.r.o. K cintor\u00ednu 63 \u2022 010 04 \u017dilina SLOVENSK\u00c1 REPUBLIKA Tel.: +421 41 5046 204Marti CZ, s.r.o. Jihlavsk\u00e1 1558\/21 140","robots":{"index":"index","follow":"follow","max-snippet":"max-snippet:-1","max-image-preview":"max-image-preview:large","max-video-preview":"max-video-preview:-1"},"canonical":"https:\/\/www.martias.sk\/en\/kontakt\/dcerske-spolocnosti-a-organizacne-zlozky\/","og_locale":"en_US","og_type":"article","og_title":"Subsidiary companies and branches","og_description":"Dc\u00e9rske spolo\u010dnosti TuCon Vr\u00fatky, s.r.o. K cintor\u00ednu 63 \u2022 010 04 \u017dilina SLOVENSK\u00c1 REPUBLIKA Tel.: +421 41 5046 204Marti CZ, s.r.o. Jihlavsk\u00e1 1558\/21 140","og_url":"https:\/\/www.martias.sk\/en\/kontakt\/dcerske-spolocnosti-a-organizacne-zlozky\/","og_site_name":"Marti a.s. \u017dilina","article_modified_time":"2026-04-07T12:20:06+00:00","og_image":[{"width":532,"height":533,"url":"https:\/\/www.martias.sk\/wp-content\/uploads\/marti-slovakia-punkt-rgb.png","type":"image\/png"}],"twitter_card":"summary_large_image","twitter_misc":{"Est. reading time":"1 minute"},"schema":{"@context":"https:\/\/schema.org","@graph":[{"@type":"WebPage","@id":"https:\/\/www.martias.sk\/en\/kontakt\/dcerske-spolocnosti-a-organizacne-zlozky\/","url":"https:\/\/www.martias.sk\/en\/kontakt\/dcerske-spolocnosti-a-organizacne-zlozky\/","name":"Subsidiary companies and branches | Marti a.s. \u017dilina","isPartOf":{"@id":"https:\/\/www.martias.sk\/en\/#website"},"datePublished":"2015-03-12T12:38:26+00:00","dateModified":"2026-04-07T12:20:06+00:00","description":"Dc\u00e9rske spolo\u010dnosti TuCon Vr\u00fatky, s.r.o. K cintor\u00ednu 63 \u2022 010 04 \u017dilina SLOVENSK\u00c1 REPUBLIKA Tel.: +421 41 5046 204Marti CZ, s.r.o. Jihlavsk\u00e1 1558\/21 140","breadcrumb":{"@id":"https:\/\/www.martias.sk\/en\/kontakt\/dcerske-spolocnosti-a-organizacne-zlozky\/#breadcrumb"},"inLanguage":"en-US","potentialAction":[{"@type":"ReadAction","target":[["https:\/\/www.martias.sk\/en\/kontakt\/dcerske-spolocnosti-a-organizacne-zlozky\/"]]}]},{"@type":"BreadcrumbList","@id":"https:\/\/www.martias.sk\/en\/kontakt\/dcerske-spolocnosti-a-organizacne-zlozky\/#breadcrumb","itemListElement":[{"@type":"ListItem","position":1,"name":"Home","item":"https:\/\/www.martias.sk\/en\/"},{"@type":"ListItem","position":2,"name":"Kontakt","item":"https:\/\/www.martias.sk\/en\/wp-json\/wp\/v2\/pages\/243"},{"@type":"ListItem","position":3,"name":"Dc\u00e9rske spolo\u010dnosti a organiza\u010dn\u00e9 zlo\u017eky"}]},{"@type":"WebSite","@id":"https:\/\/www.martias.sk\/en\/#website","url":"https:\/\/www.martias.sk\/en\/","name":"Marti a.s.","description":"Construction company","publisher":{"@id":"https:\/\/www.martias.sk\/en\/#organization"},"potentialAction":[{"@type":"SearchAction","target":{"@type":"EntryPoint","urlTemplate":"https:\/\/www.martias.sk\/en\/?s={search_term_string}"},"query-input":"required name=search_term_string"}],"inLanguage":"en-US"},{"@type":"Organization","@id":"https:\/\/www.martias.sk\/en\/#organization","name":"Marti a.s.","url":"https:\/\/www.martias.sk\/en\/","logo":{"@type":"ImageObject","inLanguage":"en-US","@id":"https:\/\/www.martias.sk\/en\/#\/schema\/logo\/image\/","url":"https:\/\/www.martias.sk\/wp-content\/uploads\/marti-slovakia-punkt-rgb.png","contentUrl":"https:\/\/www.martias.sk\/wp-content\/uploads\/marti-slovakia-punkt-rgb.png","width":532,"height":533,"caption":"Marti a.s."},"image":{"@id":"https:\/\/www.martias.sk\/en\/#\/schema\/logo\/image\/"}}]}},"_links":{"self":[{"href":"https:\/\/www.martias.sk\/en\/wp-json\/wp\/v2\/pages\/243"}],"collection":[{"href":"https:\/\/www.martias.sk\/en\/wp-json\/wp\/v2\/pages"}],"about":[{"href":"https:\/\/www.martias.sk\/en\/wp-json\/wp\/v2\/types\/page"}],"author":[{"embeddable":true,"href":"https:\/\/www.martias.sk\/en\/wp-json\/wp\/v2\/users\/1"}],"replies":[{"embeddable":true,"href":"https:\/\/www.martias.sk\/en\/wp-json\/wp\/v2\/comments?post=243"}],"version-history":[{"count":14,"href":"https:\/\/www.martias.sk\/en\/wp-json\/wp\/v2\/pages\/243\/revisions"}],"predecessor-version":[{"id":5368,"href":"https:\/\/www.martias.sk\/en\/wp-json\/wp\/v2\/pages\/243\/revisions\/5368"}],"up":[{"embeddable":true,"href":"https:\/\/www.martias.sk\/en\/wp-json\/wp\/v2\/pages\/133"}],"wp:attachment":[{"href":"https:\/\/www.martias.sk\/en\/wp-json\/wp\/v2\/media?parent=243"}],"curies":[{"name":"wp","href":"https:\/\/api.w.org\/{rel}","templated":true}]}}